{"id":33,"date":"2023-09-25T13:00:00","date_gmt":"2023-09-25T13:00:00","guid":{"rendered":"https:\/\/elbrotemedia.live-website.com\/?page_id=33"},"modified":"2026-04-01T06:27:41","modified_gmt":"2026-04-01T06:27:41","slug":"contacto","status":"publish","type":"page","link":"https:\/\/elbrotemedia.com\/es\/contacto\/","title":{"rendered":"Contacto"},"content":{"rendered":"\t\t<div data-elementor-type=\"wp-page\" data-elementor-id=\"33\" class=\"elementor elementor-33\" data-elementor-post-type=\"page\">\n\t\t\t\t<div class=\"elementor-element elementor-element-1305fd6 e-con-full e-flex e-con e-parent\" data-id=\"1305fd6\" data-element_type=\"container\" data-e-type=\"container\" data-settings=\"{&quot;background_background&quot;:&quot;classic&quot;}\">\n\t\t<div class=\"elementor-element elementor-element-842534a e-con-full e-flex e-con e-child\" data-id=\"842534a\" data-element_type=\"container\" data-e-type=\"container\">\n\t\t\t\t<div class=\"elementor-element elementor-element-102a9b8 elementor-widget elementor-widget-heading\" data-id=\"102a9b8\" data-element_type=\"widget\" data-e-type=\"widget\" data-widget_type=\"heading.default\">\n\t\t\t\t<div class=\"elementor-widget-container\">\n\t\t\t\t\t<h1 class=\"elementor-heading-title elementor-size-default\">CONTACTAR<\/h1>\t\t\t\t<\/div>\n\t\t\t\t<\/div>\n\t\t\t\t<\/div>\n\t\t<div class=\"elementor-element elementor-element-ebdd8d4 e-con-full e-flex e-con e-child\" data-id=\"ebdd8d4\" data-element_type=\"container\" data-e-type=\"container\">\n\t\t<div class=\"elementor-element elementor-element-863eef7 e-con-full e-flex e-con e-child\" data-id=\"863eef7\" data-element_type=\"container\" data-e-type=\"container\">\n\t\t\t\t<div class=\"elementor-element elementor-element-522f8bb elementor-widget elementor-widget-text-editor\" data-id=\"522f8bb\" data-element_type=\"widget\" data-e-type=\"widget\" data-widget_type=\"text-editor.default\">\n\t\t\t\t<div class=\"elementor-widget-container\">\n\t\t\t\t\t\t\t\t\t<p>\u00bfQUIERES COLABORAR CON NOSOTROS Y CONSTRUIR UN PROYECTO JUNTOS?<br \/>ESCR\u00cdBENOS, RESPONDEREMOS R\u00c1PIDAMENTE.<\/p>\t\t\t\t\t\t\t\t<\/div>\n\t\t\t\t<\/div>\n\t\t\t\t<\/div>\n\t\t\t\t<\/div>\n\t\t<div class=\"elementor-element elementor-element-fd31f04 e-con-full e-flex e-con e-child\" data-id=\"fd31f04\" data-element_type=\"container\" data-e-type=\"container\">\n\t\t<div class=\"elementor-element elementor-element-829a1ea e-con-full e-flex e-con e-child\" data-id=\"829a1ea\" data-element_type=\"container\" data-e-type=\"container\">\n\t\t\t\t<div class=\"elementor-element elementor-element-18acae2 elementor-widget elementor-widget-text-editor\" data-id=\"18acae2\" data-element_type=\"widget\" data-e-type=\"widget\" data-widget_type=\"text-editor.default\">\n\t\t\t\t<div class=\"elementor-widget-container\">\n\t\t\t\t\t\t\t\t\t<p style=\"text-align: center;\">santi@elbrotemedia.com<\/p>\t\t\t\t\t\t\t\t<\/div>\n\t\t\t\t<\/div>\n\t\t\t\t<\/div>\n\t\t<div class=\"elementor-element elementor-element-bb141f8 e-con-full e-flex e-con e-child\" data-id=\"bb141f8\" data-element_type=\"container\" data-e-type=\"container\">\n\t\t\t\t<div class=\"elementor-element elementor-element-3fbfbae elementor-widget elementor-widget-text-editor\" data-id=\"3fbfbae\" data-element_type=\"widget\" data-e-type=\"widget\" data-widget_type=\"text-editor.default\">\n\t\t\t\t<div class=\"elementor-widget-container\">\n\t\t\t\t\t\t\t\t\t<p><img decoding=\"async\" class=\"wp-image-762 alignleft\" src=\"https:\/\/elbrotemedia.com\/wp-content\/uploads\/2024\/04\/png-transparent-sign-of-the-horns-emoji-thumb-devil-iphone-emoji-furniture-hand-arm-300x209.png\" alt=\"\" width=\"31\" height=\"22\" srcset=\"https:\/\/elbrotemedia.com\/wp-content\/uploads\/2024\/04\/png-transparent-sign-of-the-horns-emoji-thumb-devil-iphone-emoji-furniture-hand-arm-300x209.png 300w, https:\/\/elbrotemedia.com\/wp-content\/uploads\/2024\/04\/png-transparent-sign-of-the-horns-emoji-thumb-devil-iphone-emoji-furniture-hand-arm-768x534.png 768w, https:\/\/elbrotemedia.com\/wp-content\/uploads\/2024\/04\/png-transparent-sign-of-the-horns-emoji-thumb-devil-iphone-emoji-furniture-hand-arm.png 920w\" sizes=\"(max-width: 31px) 100vw, 31px\" \/>UNETE A LA FAMILIA<\/p>\t\t\t\t\t\t\t\t<\/div>\n\t\t\t\t<\/div>\n\t\t\t\t<\/div>\n\t\t<div class=\"elementor-element elementor-element-c4a122e e-con-full e-flex e-con e-child\" data-id=\"c4a122e\" data-element_type=\"container\" data-e-type=\"container\">\n\t\t\t\t<div class=\"elementor-element elementor-element-df365c4 elementor-widget elementor-widget-text-editor\" data-id=\"df365c4\" data-element_type=\"widget\" data-e-type=\"widget\" data-widget_type=\"text-editor.default\">\n\t\t\t\t<div class=\"elementor-widget-container\">\n\t\t\t\t\t\t\t\t\t<p>LL\u00c1MANOS<br \/>+34 644577284<br \/>+34 610249998<\/p>\t\t\t\t\t\t\t\t<\/div>\n\t\t\t\t<\/div>\n\t\t\t\t<\/div>\n\t\t\t\t<\/div>\n\t\t\t\t<\/div>\n\t\t<div class=\"elementor-element elementor-element-701c04a e-con-full e-flex e-con e-parent\" data-id=\"701c04a\" data-element_type=\"container\" data-e-type=\"container\" data-settings=\"{&quot;background_background&quot;:&quot;classic&quot;}\">\n\t\t<div class=\"elementor-element elementor-element-e263f11 e-con-full e-flex e-con e-child\" data-id=\"e263f11\" data-element_type=\"container\" data-e-type=\"container\">\n\t\t<div class=\"elementor-element elementor-element-30126e2 e-con-full e-flex e-con e-child\" data-id=\"30126e2\" data-element_type=\"container\" data-e-type=\"container\" data-settings=\"{&quot;position&quot;:&quot;absolute&quot;}\">\n\t\t\t\t<div class=\"elementor-element elementor-element-3a4df39 elementor-widget elementor-widget-image\" data-id=\"3a4df39\" data-element_type=\"widget\" data-e-type=\"widget\" data-widget_type=\"image.default\">\n\t\t\t\t<div class=\"elementor-widget-container\">\n\t\t\t\t\t\t\t\t\t\t\t\t\t\t\t<img fetchpriority=\"high\" decoding=\"async\" width=\"800\" height=\"391\" src=\"https:\/\/elbrotemedia.com\/wp-content\/uploads\/2024\/04\/Captura-de-pantalla-2024-01-24-a-las-16.20.37-1-e1732039657118-1024x500.png\" class=\"attachment-large size-large wp-image-758\" alt=\"\" srcset=\"https:\/\/elbrotemedia.com\/wp-content\/uploads\/2024\/04\/Captura-de-pantalla-2024-01-24-a-las-16.20.37-1-e1732039657118-1024x500.png 1024w, https:\/\/elbrotemedia.com\/wp-content\/uploads\/2024\/04\/Captura-de-pantalla-2024-01-24-a-las-16.20.37-1-e1732039657118-300x146.png 300w, https:\/\/elbrotemedia.com\/wp-content\/uploads\/2024\/04\/Captura-de-pantalla-2024-01-24-a-las-16.20.37-1-e1732039657118-768x375.png 768w, https:\/\/elbrotemedia.com\/wp-content\/uploads\/2024\/04\/Captura-de-pantalla-2024-01-24-a-las-16.20.37-1-e1732039657118-1536x750.png 1536w, https:\/\/elbrotemedia.com\/wp-content\/uploads\/2024\/04\/Captura-de-pantalla-2024-01-24-a-las-16.20.37-1-e1732039657118.png 1708w\" sizes=\"(max-width: 800px) 100vw, 800px\" \/>\t\t\t\t\t\t\t\t\t\t\t\t\t\t\t<\/div>\n\t\t\t\t<\/div>\n\t\t\t\t<\/div>\n\t\t\t\t<\/div>\n\t\t\t\t<\/div>\n\t\t\t\t<\/div>\n\t\t","protected":false},"excerpt":{"rendered":"<p>CONTACTAR \u00bfQUIERES COLABORAR CON NOSOTROS Y CONSTRUIR UN PROYECTO JUNTOS?ESCR\u00cdBENOS, RESPONDEREMOS R\u00c1PIDAMENTE. santi@elbrotemedia.com UNETE A LA FAMILIA LL\u00c1MANOS+34 644577284+34 610249998<\/p>\n","protected":false},"author":1,"featured_media":0,"parent":0,"menu_order":0,"comment_status":"closed","ping_status":"closed","template":"","meta":{"footnotes":""},"class_list":["post-33","page","type-page","status-publish","hentry"],"yoast_head":"<!-- This site is optimized with the Yoast SEO plugin v27.1.1 - https:\/\/yoast.com\/product\/yoast-seo-wordpress\/ -->\n<title>Contacto - elbrotemedia<\/title>\n<meta name=\"robots\" content=\"index, follow, max-snippet:-1, max-image-preview:large, max-video-preview:-1\" \/>\n<link rel=\"canonical\" href=\"https:\/\/elbrotemedia.com\/es\/contacto\/\" \/>\n<meta property=\"og:locale\" content=\"es_ES\" \/>\n<meta property=\"og:type\" content=\"article\" \/>\n<meta property=\"og:title\" content=\"Contacto - elbrotemedia\" \/>\n<meta property=\"og:description\" content=\"CONTACTAR \u00bfQUIERES COLABORAR CON NOSOTROS Y CONSTRUIR UN PROYECTO JUNTOS?ESCR\u00cdBENOS, RESPONDEREMOS R\u00c1PIDAMENTE. santi@elbrotemedia.com UNETE A LA FAMILIA LL\u00c1MANOS+34 644577284+34 610249998\" \/>\n<meta property=\"og:url\" content=\"https:\/\/elbrotemedia.com\/es\/contacto\/\" \/>\n<meta property=\"og:site_name\" content=\"elbrotemedia\" \/>\n<meta property=\"article:modified_time\" content=\"2026-04-01T06:27:41+00:00\" \/>\n<meta property=\"og:image\" content=\"https:\/\/elbrotemedia.com\/wp-content\/uploads\/2024\/04\/png-transparent-sign-of-the-horns-emoji-thumb-devil-iphone-emoji-furniture-hand-arm.png\" \/>\n\t<meta property=\"og:image:width\" content=\"920\" \/>\n\t<meta property=\"og:image:height\" content=\"640\" \/>\n\t<meta property=\"og:image:type\" content=\"image\/png\" \/>\n<meta name=\"twitter:card\" content=\"summary_large_image\" \/>\n<meta name=\"twitter:label1\" content=\"Tiempo de lectura\" \/>\n\t<meta name=\"twitter:data1\" content=\"1 minuto\" \/>\n<script type=\"application\/ld+json\" class=\"yoast-schema-graph\">{\"@context\":\"https:\/\/schema.org\",\"@graph\":[{\"@type\":\"WebPage\",\"@id\":\"https:\/\/elbrotemedia.com\/es\/contacto\/\",\"url\":\"https:\/\/elbrotemedia.com\/es\/contacto\/\",\"name\":\"Contacto - elbrotemedia\",\"isPartOf\":{\"@id\":\"https:\/\/elbrotemedia.com\/es\/#website\"},\"primaryImageOfPage\":{\"@id\":\"https:\/\/elbrotemedia.com\/es\/contacto\/#primaryimage\"},\"image\":{\"@id\":\"https:\/\/elbrotemedia.com\/es\/contacto\/#primaryimage\"},\"thumbnailUrl\":\"https:\/\/elbrotemedia.com\/wp-content\/uploads\/2024\/04\/png-transparent-sign-of-the-horns-emoji-thumb-devil-iphone-emoji-furniture-hand-arm-300x209.png\",\"datePublished\":\"2023-09-25T13:00:00+00:00\",\"dateModified\":\"2026-04-01T06:27:41+00:00\",\"breadcrumb\":{\"@id\":\"https:\/\/elbrotemedia.com\/es\/contacto\/#breadcrumb\"},\"inLanguage\":\"es\",\"potentialAction\":[{\"@type\":\"ReadAction\",\"target\":[\"https:\/\/elbrotemedia.com\/es\/contacto\/\"]}]},{\"@type\":\"ImageObject\",\"inLanguage\":\"es\",\"@id\":\"https:\/\/elbrotemedia.com\/es\/contacto\/#primaryimage\",\"url\":\"https:\/\/elbrotemedia.com\/wp-content\/uploads\/2024\/04\/png-transparent-sign-of-the-horns-emoji-thumb-devil-iphone-emoji-furniture-hand-arm-300x209.png\",\"contentUrl\":\"https:\/\/elbrotemedia.com\/wp-content\/uploads\/2024\/04\/png-transparent-sign-of-the-horns-emoji-thumb-devil-iphone-emoji-furniture-hand-arm-300x209.png\"},{\"@type\":\"BreadcrumbList\",\"@id\":\"https:\/\/elbrotemedia.com\/es\/contacto\/#breadcrumb\",\"itemListElement\":[{\"@type\":\"ListItem\",\"position\":1,\"name\":\"Portada\",\"item\":\"https:\/\/elbrotemedia.com\/es\/\"},{\"@type\":\"ListItem\",\"position\":2,\"name\":\"Contacto\"}]},{\"@type\":\"WebSite\",\"@id\":\"https:\/\/elbrotemedia.com\/es\/#website\",\"url\":\"https:\/\/elbrotemedia.com\/es\/\",\"name\":\"elbrotemedia\",\"description\":\"\",\"publisher\":{\"@id\":\"https:\/\/elbrotemedia.com\/es\/#organization\"},\"potentialAction\":[{\"@type\":\"SearchAction\",\"target\":{\"@type\":\"EntryPoint\",\"urlTemplate\":\"https:\/\/elbrotemedia.com\/es\/?s={search_term_string}\"},\"query-input\":{\"@type\":\"PropertyValueSpecification\",\"valueRequired\":true,\"valueName\":\"search_term_string\"}}],\"inLanguage\":\"es\"},{\"@type\":\"Organization\",\"@id\":\"https:\/\/elbrotemedia.com\/es\/#organization\",\"name\":\"elbrotemedia\",\"url\":\"https:\/\/elbrotemedia.com\/es\/\",\"logo\":{\"@type\":\"ImageObject\",\"inLanguage\":\"es\",\"@id\":\"https:\/\/elbrotemedia.com\/es\/#\/schema\/logo\/image\/\",\"url\":\"https:\/\/elbrotemedia.com\/wp-content\/uploads\/2024\/03\/logo-el-brote-blanco.png\",\"contentUrl\":\"https:\/\/elbrotemedia.com\/wp-content\/uploads\/2024\/03\/logo-el-brote-blanco.png\",\"width\":3299,\"height\":603,\"caption\":\"elbrotemedia\"},\"image\":{\"@id\":\"https:\/\/elbrotemedia.com\/es\/#\/schema\/logo\/image\/\"}}]}<\/script>\n<!-- \/ Yoast SEO plugin. -->","yoast_head_json":{"title":"Contacto - elbrotemedia","robots":{"index":"index","follow":"follow","max-snippet":"max-snippet:-1","max-image-preview":"max-image-preview:large","max-video-preview":"max-video-preview:-1"},"canonical":"https:\/\/elbrotemedia.com\/es\/contacto\/","og_locale":"es_ES","og_type":"article","og_title":"Contacto - elbrotemedia","og_description":"CONTACTAR \u00bfQUIERES COLABORAR CON NOSOTROS Y CONSTRUIR UN PROYECTO JUNTOS?ESCR\u00cdBENOS, RESPONDEREMOS R\u00c1PIDAMENTE. santi@elbrotemedia.com UNETE A LA FAMILIA LL\u00c1MANOS+34 644577284+34 610249998","og_url":"https:\/\/elbrotemedia.com\/es\/contacto\/","og_site_name":"elbrotemedia","article_modified_time":"2026-04-01T06:27:41+00:00","og_image":[{"width":920,"height":640,"url":"https:\/\/elbrotemedia.com\/wp-content\/uploads\/2024\/04\/png-transparent-sign-of-the-horns-emoji-thumb-devil-iphone-emoji-furniture-hand-arm.png","type":"image\/png"}],"twitter_card":"summary_large_image","twitter_misc":{"Tiempo de lectura":"1 minuto"},"schema":{"@context":"https:\/\/schema.org","@graph":[{"@type":"WebPage","@id":"https:\/\/elbrotemedia.com\/es\/contacto\/","url":"https:\/\/elbrotemedia.com\/es\/contacto\/","name":"Contacto - elbrotemedia","isPartOf":{"@id":"https:\/\/elbrotemedia.com\/es\/#website"},"primaryImageOfPage":{"@id":"https:\/\/elbrotemedia.com\/es\/contacto\/#primaryimage"},"image":{"@id":"https:\/\/elbrotemedia.com\/es\/contacto\/#primaryimage"},"thumbnailUrl":"https:\/\/elbrotemedia.com\/wp-content\/uploads\/2024\/04\/png-transparent-sign-of-the-horns-emoji-thumb-devil-iphone-emoji-furniture-hand-arm-300x209.png","datePublished":"2023-09-25T13:00:00+00:00","dateModified":"2026-04-01T06:27:41+00:00","breadcrumb":{"@id":"https:\/\/elbrotemedia.com\/es\/contacto\/#breadcrumb"},"inLanguage":"es","potentialAction":[{"@type":"ReadAction","target":["https:\/\/elbrotemedia.com\/es\/contacto\/"]}]},{"@type":"ImageObject","inLanguage":"es","@id":"https:\/\/elbrotemedia.com\/es\/contacto\/#primaryimage","url":"https:\/\/elbrotemedia.com\/wp-content\/uploads\/2024\/04\/png-transparent-sign-of-the-horns-emoji-thumb-devil-iphone-emoji-furniture-hand-arm-300x209.png","contentUrl":"https:\/\/elbrotemedia.com\/wp-content\/uploads\/2024\/04\/png-transparent-sign-of-the-horns-emoji-thumb-devil-iphone-emoji-furniture-hand-arm-300x209.png"},{"@type":"BreadcrumbList","@id":"https:\/\/elbrotemedia.com\/es\/contacto\/#breadcrumb","itemListElement":[{"@type":"ListItem","position":1,"name":"Portada","item":"https:\/\/elbrotemedia.com\/es\/"},{"@type":"ListItem","position":2,"name":"Contacto"}]},{"@type":"WebSite","@id":"https:\/\/elbrotemedia.com\/es\/#website","url":"https:\/\/elbrotemedia.com\/es\/","name":"elbrotemedia","description":"","publisher":{"@id":"https:\/\/elbrotemedia.com\/es\/#organization"},"potentialAction":[{"@type":"SearchAction","target":{"@type":"EntryPoint","urlTemplate":"https:\/\/elbrotemedia.com\/es\/?s={search_term_string}"},"query-input":{"@type":"PropertyValueSpecification","valueRequired":true,"valueName":"search_term_string"}}],"inLanguage":"es"},{"@type":"Organization","@id":"https:\/\/elbrotemedia.com\/es\/#organization","name":"elbrotemedia","url":"https:\/\/elbrotemedia.com\/es\/","logo":{"@type":"ImageObject","inLanguage":"es","@id":"https:\/\/elbrotemedia.com\/es\/#\/schema\/logo\/image\/","url":"https:\/\/elbrotemedia.com\/wp-content\/uploads\/2024\/03\/logo-el-brote-blanco.png","contentUrl":"https:\/\/elbrotemedia.com\/wp-content\/uploads\/2024\/03\/logo-el-brote-blanco.png","width":3299,"height":603,"caption":"elbrotemedia"},"image":{"@id":"https:\/\/elbrotemedia.com\/es\/#\/schema\/logo\/image\/"}}]}},"_links":{"self":[{"href":"https:\/\/elbrotemedia.com\/es\/wp-json\/wp\/v2\/pages\/33","targetHints":{"allow":["GET"]}}],"collection":[{"href":"https:\/\/elbrotemedia.com\/es\/wp-json\/wp\/v2\/pages"}],"about":[{"href":"https:\/\/elbrotemedia.com\/es\/wp-json\/wp\/v2\/types\/page"}],"author":[{"embeddable":true,"href":"https:\/\/elbrotemedia.com\/es\/wp-json\/wp\/v2\/users\/1"}],"replies":[{"embeddable":true,"href":"https:\/\/elbrotemedia.com\/es\/wp-json\/wp\/v2\/comments?post=33"}],"version-history":[{"count":154,"href":"https:\/\/elbrotemedia.com\/es\/wp-json\/wp\/v2\/pages\/33\/revisions"}],"predecessor-version":[{"id":5097,"href":"https:\/\/elbrotemedia.com\/es\/wp-json\/wp\/v2\/pages\/33\/revisions\/5097"}],"wp:attachment":[{"href":"https:\/\/elbrotemedia.com\/es\/wp-json\/wp\/v2\/media?parent=33"}],"curies":[{"name":"wp","href":"https:\/\/api.w.org\/{rel}","templated":true}]}}